{"id":840,"date":"2015-12-22T09:34:16","date_gmt":"2015-12-22T09:34:16","guid":{"rendered":"http:\/\/www.construiremonchar.com\/?page_id=840"},"modified":"2016-06-05T16:19:42","modified_gmt":"2016-06-05T16:19:42","slug":"construction-et-vente","status":"publish","type":"page","link":"https:\/\/www.construiremonchar.com\/?page_id=840","title":{"rendered":"CONSTRUCTION\/VENTE"},"content":{"rendered":"<p><iframe loading=\"lazy\" src=\"https:\/\/www.youtube.com\/embed\/8pntaGrlKCU\" width=\"630\" height=\"475\" frameborder=\"0\" allowfullscreen=\"allowfullscreen\"><\/iframe><\/p>\n<p>Nous construisons diff\u00e9rents types de v\u00e9hicules militaires (non soumis \u00e0 autorisation).<\/p>\n<p>Si vous avez un projet dans ce domaine, n&rsquo;h\u00e9sitez pas \u00e0 nous contacter pour un devis. T\u00e9l 06 21 26 86 61<\/p>\n<p>Pour exemple, nous avons pris la construction d&rsquo;un SDKFZ. il est possible de construire le v\u00e9hicule de deux fa\u00e7ons et sur deux bases diff\u00e9rentes:<\/p>\n<ul>\n<li>A partir d&rsquo;un Land Rover. Le ch\u00e2ssis est soud\u00e9 \u00e0 la base de celui -ci , il n est doncpas possible de s\u00e9parer la caisse du ch\u00e2ssis. La visite des organes de freins et transmission se fait soit par le dessous ou soit en d\u00e9montant le plancher.Moteur moins puissant que le Dodge et consommation moins importante<\/li>\n<li>A partir d&rsquo;un Dodge 4X4 .Il est possible de s\u00e9parer la caisse du ch\u00e2ssis pour les gros travaux car celle-ci est boulonn\u00e9<\/li>\n<\/ul>\n<p>En terme de moteurs :<\/p>\n<ul>\n<li>Dodge 4X4: l&rsquo;avantage du moteur 6 cylindres est qu&rsquo;il donne beaucoup de couple pour une caisse approchant 2500KG a 2600KG.<\/li>\n<li>Land Rover : caisse plus l\u00e9g\u00e8re d&rsquo;environ 2100KG , mais moins de puissance.<\/li>\n<\/ul>\n<h3>TARIFS<\/h3>\n<ul>\n<li>SDKFZ 247b ch\u00e2ssis Land Rover 9000euros avec livraison<\/li>\n<li>SDKFZ 247b ch\u00e2ssis Dodge wc 10000euros avec livraison<\/li>\n<li>SDKFZ 260 ch\u00e2ssis Land Rover 10000euros avec livraison<\/li>\n<li>SDKFZ 260 ch\u00e2ssis Dodge wc 11000euros avec livraison<\/li>\n<li>SDKFZ 222 Land Rover avec la tourelle non arm\u00e9e 12000euros<\/li>\n<li>SDKFZ 222 Dodge wc avec la tourelle non arm\u00e9e 13000euros<\/li>\n<li>MG firing gaz 1400euros<\/li>\n<li>Canon 37 firing gaz 2400euros<\/li>\n<\/ul>\n<p>Le d\u00e9lai de construction: entre 2 et 4 mois pour un SDKFZ 247b et 260 et 4 et 6 mois pour un SDKFZ 222<\/p>\n<p><a href=\"\/\/www.construiremonchar.com\/wp-content\/uploads\/2015\/12\/85301_1266406489_large.jpg\"  rel=\"lightbox[840] attachment wp-att-845\"><img loading=\"lazy\" decoding=\"async\" class=\"wp-image-845 alignleft\" src=\"\/\/www.construiremonchar.com\/wp-content\/uploads\/2015\/12\/85301_1266406489_large.jpg\" alt=\"85301_1266406489_large\" width=\"497\" height=\"293\" srcset=\"https:\/\/www.construiremonchar.com\/wp-content\/uploads\/2015\/12\/85301_1266406489_large.jpg 1024w, https:\/\/www.construiremonchar.com\/wp-content\/uploads\/2015\/12\/85301_1266406489_large-300x177.jpg 300w, https:\/\/www.construiremonchar.com\/wp-content\/uploads\/2015\/12\/85301_1266406489_large-768x452.jpg 768w, https:\/\/www.construiremonchar.com\/wp-content\/uploads\/2015\/12\/85301_1266406489_large-250x147.jpg 250w, https:\/\/www.construiremonchar.com\/wp-content\/uploads\/2015\/12\/85301_1266406489_large-150x88.jpg 150w\" sizes=\"auto, (max-width: 497px) 100vw, 497px\" \/><\/a><a href=\"http:\/\/www.construiremonchar.com\/wp-content\/uploads\/2015\/12\/10494674_763318670455916_4052233090194137972_n.jpg\"  rel=\"lightbox[840] attachment wp-att-844\"><img loading=\"lazy\" decoding=\"async\" class=\"wp-image-844 alignnone\" src=\"http:\/\/www.construiremonchar.com\/wp-content\/uploads\/2015\/12\/10494674_763318670455916_4052233090194137972_n.jpg\" alt=\"10494674_763318670455916_4052233090194137972_n\" width=\"418\" height=\"313\" srcset=\"https:\/\/www.construiremonchar.com\/wp-content\/uploads\/2015\/12\/10494674_763318670455916_4052233090194137972_n.jpg 960w, https:\/\/www.construiremonchar.com\/wp-content\/uploads\/2015\/12\/10494674_763318670455916_4052233090194137972_n-300x225.jpg 300w, https:\/\/www.construiremonchar.com\/wp-content\/uploads\/2015\/12\/10494674_763318670455916_4052233090194137972_n-768x576.jpg 768w, https:\/\/www.construiremonchar.com\/wp-content\/uploads\/2015\/12\/10494674_763318670455916_4052233090194137972_n-200x150.jpg 200w, https:\/\/www.construiremonchar.com\/wp-content\/uploads\/2015\/12\/10494674_763318670455916_4052233090194137972_n-150x113.jpg 150w\" sizes=\"auto, (max-width: 418px) 100vw, 418px\" \/><\/a><br \/>\n<a href=\"http:\/\/www.construiremonchar.com\/wp-content\/uploads\/2015\/12\/arma2OA_2011-09-04_13-18-51-55.jpg\"  rel=\"lightbox[840] attachment wp-att-852\"><img loading=\"lazy\" decoding=\"async\" class=\"alignleft wp-image-852\" src=\"http:\/\/www.construiremonchar.com\/wp-content\/uploads\/2015\/12\/arma2OA_2011-09-04_13-18-51-55.jpg\" alt=\"arma2OA_2011-09-04_13-18-51-55\" width=\"473\" height=\"266\" srcset=\"https:\/\/www.construiremonchar.com\/wp-content\/uploads\/2015\/12\/arma2OA_2011-09-04_13-18-51-55.jpg 620w, https:\/\/www.construiremonchar.com\/wp-content\/uploads\/2015\/12\/arma2OA_2011-09-04_13-18-51-55-300x169.jpg 300w, https:\/\/www.construiremonchar.com\/wp-content\/uploads\/2015\/12\/arma2OA_2011-09-04_13-18-51-55-250x141.jpg 250w, https:\/\/www.construiremonchar.com\/wp-content\/uploads\/2015\/12\/arma2OA_2011-09-04_13-18-51-55-150x84.jpg 150w\" sizes=\"auto, (max-width: 473px) 100vw, 473px\" \/><\/a><br \/>\n<a href=\"http:\/\/www.construiremonchar.com\/wp-content\/uploads\/2015\/12\/11054316_763318610455922_5248018004915047784_n.jpg\"  rel=\"lightbox[840] attachment wp-att-854\"><img loading=\"lazy\" decoding=\"async\" class=\"alignnone wp-image-854\" src=\"http:\/\/www.construiremonchar.com\/wp-content\/uploads\/2015\/12\/11054316_763318610455922_5248018004915047784_n.jpg\" alt=\"11054316_763318610455922_5248018004915047784_n\" width=\"445\" height=\"334\" srcset=\"https:\/\/www.construiremonchar.com\/wp-content\/uploads\/2015\/12\/11054316_763318610455922_5248018004915047784_n.jpg 960w, https:\/\/www.construiremonchar.com\/wp-content\/uploads\/2015\/12\/11054316_763318610455922_5248018004915047784_n-300x225.jpg 300w, https:\/\/www.construiremonchar.com\/wp-content\/uploads\/2015\/12\/11054316_763318610455922_5248018004915047784_n-768x576.jpg 768w, https:\/\/www.construiremonchar.com\/wp-content\/uploads\/2015\/12\/11054316_763318610455922_5248018004915047784_n-200x150.jpg 200w, https:\/\/www.construiremonchar.com\/wp-content\/uploads\/2015\/12\/11054316_763318610455922_5248018004915047784_n-150x113.jpg 150w\" sizes=\"auto, (max-width: 445px) 100vw, 445px\" \/><\/a><\/p>\n","protected":false},"excerpt":{"rendered":"<p>Nous construisons diff\u00e9rents types de v\u00e9hicules militaires (non soumis \u00e0 autorisation). Si vous avez un projet dans ce domaine, n&rsquo;h\u00e9sitez pas \u00e0 nous contacter pour un devis. T\u00e9l 06 21 26 86 61 Pour exemple, nous avons pris la construction d&rsquo;un SDKFZ. il est possible de construire le v\u00e9hicule de deux fa\u00e7ons et sur deux bases diff\u00e9rentes: A partir d&rsquo;un Land Rover. Le ch\u00e2ssis est soud\u00e9 \u00e0 la base de celui -ci , il n est doncpas possible de s\u00e9parer la caisse du ch\u00e2ssis. La visite des organes de freins \u2026<\/p>\n<p> <a class=\"continue-reading-link\" href=\"https:\/\/www.construiremonchar.com\/?page_id=840\">Lire la suite<i class=\"icon-right-dir\"><\/i><\/a><\/p>\n","protected":false},"author":1,"featured_media":0,"parent":0,"menu_order":0,"comment_status":"closed","ping_status":"closed","template":"","meta":{"footnotes":""},"class_list":["post-840","page","type-page","status-publish","hentry"],"_links":{"self":[{"href":"https:\/\/www.construiremonchar.com\/index.php?rest_route=\/wp\/v2\/pages\/840","targetHints":{"allow":["GET"]}}],"collection":[{"href":"https:\/\/www.construiremonchar.com\/index.php?rest_route=\/wp\/v2\/pages"}],"about":[{"href":"https:\/\/www.construiremonchar.com\/index.php?rest_route=\/wp\/v2\/types\/page"}],"author":[{"embeddable":true,"href":"https:\/\/www.construiremonchar.com\/index.php?rest_route=\/wp\/v2\/users\/1"}],"replies":[{"embeddable":true,"href":"https:\/\/www.construiremonchar.com\/index.php?rest_route=%2Fwp%2Fv2%2Fcomments&post=840"}],"version-history":[{"count":18,"href":"https:\/\/www.construiremonchar.com\/index.php?rest_route=\/wp\/v2\/pages\/840\/revisions"}],"predecessor-version":[{"id":951,"href":"https:\/\/www.construiremonchar.com\/index.php?rest_route=\/wp\/v2\/pages\/840\/revisions\/951"}],"wp:attachment":[{"href":"https:\/\/www.construiremonchar.com\/index.php?rest_route=%2Fwp%2Fv2%2Fmedia&parent=840"}],"curies":[{"name":"wp","href":"https:\/\/api.w.org\/{rel}","templated":true}]}}