{"id":10,"date":"2015-01-06T06:55:28","date_gmt":"2015-01-06T06:55:28","guid":{"rendered":"http:\/\/www.construiremonchar.com\/?page_id=10"},"modified":"2022-01-24T17:18:22","modified_gmt":"2022-01-24T17:18:22","slug":"qui-suis-je","status":"publish","type":"page","link":"https:\/\/www.construiremonchar.com\/?page_id=10","title":{"rendered":"DEMARCHE \/ QUI SUIS-JE ?"},"content":{"rendered":"<blockquote><p>Comment est n\u00e9 ce projet&nbsp;?<\/p>\n<p>J&rsquo;ai 43 ans, j&rsquo;ai eu tr\u00e8s t\u00f4t deux passions dans ma vie. D&rsquo;abord celle de l&rsquo;histoire de la seconde guerre mondiale, celle de reconstituer des \u00e9v\u00e9nements, pour les comprendre, comprendre les hommes et les femmes pris dans le tourbillon d\u2019\u00e9v\u00e9nements exceptionnels qui les d\u00e9passaient. Comprendre comment ils s&rsquo;y r\u00e9v\u00e9laient, aux autres et \u00e0 eux-m\u00eames pour le meilleur et parfois aussi pour le pire.<\/p>\n<p>Mais cette histoire avec un grand H est faite de multiples histoires au quotidien, histoires personnelles qui ont touch\u00e9 (ou touchent encore) nos proches de la mani\u00e8re la plus profonde, la plus directe, \u00e9motionnelle m\u00eame si tout cela est aujourd&rsquo;hui enfoui et lointain.<\/p>\n<p>Nous sommes faits de ces histoires, nous les enfants, petits enfants, arri\u00e8re petit enfants de cette g\u00e9n\u00e9ration que cette guerre avait si profond\u00e9ment et radicalement chang\u00e9. Nous sommes faits de ce qu&rsquo;ils ont v\u00e9cu, pens\u00e9 dans ces ann\u00e9es-l\u00e0, de leurs amours et de leurs peurs, de leurs petitesses et de leurs grandeurs car c&rsquo;est ce qu&rsquo;ils nous ont transmis. Nous sommes le prolongement de cette g\u00e9n\u00e9ration dont beaucoup ont \u00e9t\u00e9 marqu\u00e9s \u00e0 jamais par cette guerre et nous transmettons ce qui nous a \u00e9t\u00e9 transmis.<\/p>\n<p>Je m&rsquo;int\u00e9resse en particulier \u00e0 cette dimensions de l&rsquo; histoire, celle qui nous est la plus proche, quotidienne parfois intime et c&rsquo;est pour cela que je suis passionn\u00e9 de l&rsquo;histoire de la seconde guerre l\u00e0 o\u00f9 je vis,ici ,en Morbihan.<\/p>\n<p>Mon autre passion n&rsquo;a rien a avoir mais c&rsquo;est souvent comme cela dans la vie&nbsp;: je suis passionn\u00e9 de m\u00e9canique moteur. C&rsquo;\u00e9tait donc naturel que je m&rsquo;int\u00e9resse de pr\u00e9s ou de loin \u00e0 tout ce qui ressemble aux v\u00e9hicules de la seconde guerre et des vieux v\u00e9hicules en g\u00e9n\u00e9ral ( je viens de terminer la restauration compl\u00e8te d&rsquo;un side-car des ann\u00e9es 30- photos sur le site tr\u00e8s prochainement).<\/p>\n<p>La m\u00e9canique , elle, est comme toutes les passions, elle permet de r\u00e9unir des gens et des talents qui sans cela ne se serait probablement jamais rencontr\u00e9. Chacun travaille pour r\u00e9aliser une partie d&rsquo;un projet commun qu&rsquo;une passion commune fait vibrer. Le chaudronnier et l&rsquo;ing\u00e9nieur se rencontre et sont ensembles , sur un pied d&rsquo;\u00e9galit\u00e9. Je vais employer un gros mot que j&rsquo;aime bien&nbsp;: on pourrait appeler cela de la fraternit\u00e9 non&nbsp;?<\/p><\/blockquote>\n","protected":false},"excerpt":{"rendered":"<p>Comment est n\u00e9 ce projet&nbsp;? J&rsquo;ai 43 ans, j&rsquo;ai eu tr\u00e8s t\u00f4t deux passions dans ma vie. D&rsquo;abord celle de l&rsquo;histoire de la seconde guerre mondiale, celle de reconstituer des \u00e9v\u00e9nements, pour les comprendre, comprendre les hommes et les femmes pris dans le tourbillon d\u2019\u00e9v\u00e9nements exceptionnels qui les d\u00e9passaient. Comprendre comment ils s&rsquo;y r\u00e9v\u00e9laient, aux autres et \u00e0 eux-m\u00eames pour le meilleur et parfois aussi pour le pire. Mais cette histoire avec un grand H est faite de multiples histoires au quotidien, histoires personnelles qui ont touch\u00e9 (ou touchent encore) \u2026<\/p>\n<p> <a class=\"continue-reading-link\" href=\"https:\/\/www.construiremonchar.com\/?page_id=10\">Lire la suite<i class=\"icon-right-dir\"><\/i><\/a><\/p>\n","protected":false},"author":1,"featured_media":0,"parent":0,"menu_order":0,"comment_status":"closed","ping_status":"open","template":"","meta":{"footnotes":""},"class_list":["post-10","page","type-page","status-publish","hentry"],"_links":{"self":[{"href":"https:\/\/www.construiremonchar.com\/index.php?rest_route=\/wp\/v2\/pages\/10","targetHints":{"allow":["GET"]}}],"collection":[{"href":"https:\/\/www.construiremonchar.com\/index.php?rest_route=\/wp\/v2\/pages"}],"about":[{"href":"https:\/\/www.construiremonchar.com\/index.php?rest_route=\/wp\/v2\/types\/page"}],"author":[{"embeddable":true,"href":"https:\/\/www.construiremonchar.com\/index.php?rest_route=\/wp\/v2\/users\/1"}],"replies":[{"embeddable":true,"href":"https:\/\/www.construiremonchar.com\/index.php?rest_route=%2Fwp%2Fv2%2Fcomments&post=10"}],"version-history":[{"count":7,"href":"https:\/\/www.construiremonchar.com\/index.php?rest_route=\/wp\/v2\/pages\/10\/revisions"}],"predecessor-version":[{"id":1122,"href":"https:\/\/www.construiremonchar.com\/index.php?rest_route=\/wp\/v2\/pages\/10\/revisions\/1122"}],"wp:attachment":[{"href":"https:\/\/www.construiremonchar.com\/index.php?rest_route=%2Fwp%2Fv2%2Fmedia&parent=10"}],"curies":[{"name":"wp","href":"https:\/\/api.w.org\/{rel}","templated":true}]}}